{"id":9,"date":"2021-11-25T13:36:28","date_gmt":"2021-11-25T12:36:28","guid":{"rendered":"https:\/\/lorenaspindler.com\/?page_id=9"},"modified":"2026-03-26T17:29:41","modified_gmt":"2026-03-26T16:29:41","slug":"about","status":"publish","type":"page","link":"https:\/\/lorenaspindler.com\/en\/about\/","title":{"rendered":"About"},"content":{"rendered":"<div class=\"wp-block-columns is-layout-flex wp-container-core-columns-is-layout-9d6595d7 wp-block-columns-is-layout-flex\">\n<div class=\"wp-block-column is-layout-flow wp-block-column-is-layout-flow\">\n<p><strong>Lorena Spindler (\u25cd\u2022\u1d17\u2022\u25cd)<\/strong> is a belgian hybrid artist born in 1994. She conceptualizes artistic projects in the form of stage productions, choreography, music videos, and written works. While studying theater at the Royal Conservatory of Brussels, she was part of collectives and created performances in underground spaces. Alongside her studies in writing at INSAS, in 2018 she directed Softness 1 at C12. In 2019, she directed Softness 2. These are two works that invite three performers to explore freestyle dance, physical theater, improvised speech, song, and rap. In Softness 1 and 2, they examine what competitiveness as a mode of existence has created <em>in<\/em> and <em>between<\/em> us<br>She then immersed herself in choreography and dance as an autodidact and via the dance and choreographic practices course at Charleroi Danse.<\/p>\n\n\n\n<p>Her transdisciplinary work focuses on the misappropriation of materials from pop and mainstream culture. By working within codes, tools and fictional or real spaces, she transforms them into experimental protocols. In&nbsp;<em>\"free dance escape\"<\/em>&nbsp;she invites 6 dancers to take part in a TikTok challenge to find out what would be a \"deep connection\" between people.<\/p>\n\n\n\n<p>It is also helping other artists of her generation bring their work to life. For example, she is assisting Agathe\/Yamina Meziani with her solo piece \u201cKabylifornie,\u201d which is being presented at the MC93, Les Halles de Schaerbeek, l'atelier210 and National Theatre. <br><br>In 2025, she presented \u201cI\u2019ll be there for you (for me)\u00a0\u201d at Charleroi Danse, Atelier210, and Varia. Admitting her ambivalence toward the prevailing system (ca-pi-ta-lism), her desire to be part of it, her fears of leaving it, and the despondency it provokes, Lorena Spindler invites performers to explore these contradictions.&nbsp;<\/p>\n\n\n\n<p>In 2026, she began research for her next dance and performance piece. \"<em>U will always lose<\/em>\u201d, is a more introspective exploration of what the concept of respect for oneself and others might entail.<\/p>\n\n\n\n<p>His work has been supported by Bamp, Le Bocal, Charleroi Danse, L\u2019Escaut Architectures, Mestizo Art Platform, Ravie, Iles asbl, and AMA, among others.<br><\/p>\n\n\n\n<figure class=\"wp-block-image size-large\"><img decoding=\"async\" width=\"1024\" height=\"683\" src=\"https:\/\/lorenaspindler.com\/wp-content\/uploads\/2025\/02\/A_407778-1024x683.jpg\" alt=\"\" class=\"wp-image-755\" srcset=\"\" sizes=\"(max-width: 1024px) 100vw, 1024px\" data-srcset=\"\" \/><\/figure>\n\n\n\n<p class=\"has-text-align-justify translation-block\">endouce is the hybrid art company founded by Lorena Spindler. Interested in transforming the ordinary, the disappointing and even the brutal of today, and in places unsuitable for performance (arriving at 8:00 a.m. to rehearse on the floor of a nightclub the day after a party for 15,000 people), endouce dares to confess a childish desire to sneak in where it's not meant to.\nClearing a path with those who want to express themselves with softness in a chaotic world, endouce likes to retransform reality by bringing together today's artists from different disciplines: hip-hop dancers, rappers, Conservatory actors, DJs, classically trained dancers and others.<\/p>\n\n\n\n<figure class=\"wp-block-image size-full\"><img decoding=\"async\" width=\"433\" height=\"577\" data-src=\"https:\/\/lorenaspindler.com\/wp-content\/uploads\/2025\/08\/e78cca3a-4a05-4619-8727-bb21d3b0589b.png\" alt=\"\" class=\"wp-image-821 lazyload\" data-srcset=\"https:\/\/lorenaspindler.com\/wp-content\/uploads\/2025\/08\/e78cca3a-4a05-4619-8727-bb21d3b0589b.png 433w, https:\/\/lorenaspindler.com\/wp-content\/uploads\/2025\/08\/e78cca3a-4a05-4619-8727-bb21d3b0589b-225x300.png 225w, https:\/\/lorenaspindler.com\/wp-content\/uploads\/2025\/08\/e78cca3a-4a05-4619-8727-bb21d3b0589b-9x12.png 9w\" data-sizes=\"(max-width: 433px) 100vw, 433px\" src=\"data:image\/gif;base64,R0lGODlhAQABAAAAACH5BAEKAAEALAAAAAABAAEAAAICTAEAOw==\" style=\"--smush-placeholder-width: 433px; --smush-placeholder-aspect-ratio: 433\/577;\" \/><\/figure>\n\n\n\n<p class=\"has-text-align-justify\"><\/p>\n\n\n\n<h2 class=\"wp-block-heading\"><\/h2>\n\n\n\n<p class=\"has-text-align-justify\"><\/p>\n<\/div>\n<\/div>\n\n\n\n<p><\/p>","protected":false},"excerpt":{"rendered":"<p>Lorena Spindler (\u25cd\u2022\u1d17\u2022\u25cd) est unxe artiste hybride bruxelloise n\u00e9x en 1994. Elle conceptualise des propositions artistiques sous forme de mise en sc\u00e8ne, chor\u00e9graphie, clip\/vid\u00e9o, texte. Lors de ses \u00e9tudes de th\u00e9\u00e2tre au Conservatoire royal de Bruxelles, elle fait partie de collectifs et cr\u00e9e des performances dans des espaces underground. En parall\u00e8le de ses \u00e9tudes en [&hellip;]<\/p>","protected":false},"author":1,"featured_media":0,"parent":0,"menu_order":0,"comment_status":"closed","ping_status":"closed","template":"","meta":{"_uag_custom_page_level_css":"","footnotes":""},"class_list":["post-9","page","type-page","status-publish","hentry"],"yoast_head":"<!-- This site is optimized with the Yoast SEO plugin v24.8.1 - https:\/\/yoast.com\/wordpress\/plugins\/seo\/ -->\n<title>\u00c0 propos - Lorena Spindler<\/title>\n<meta name=\"robots\" content=\"index, follow, max-snippet:-1, max-image-preview:large, max-video-preview:-1\" \/>\n<link rel=\"canonical\" href=\"https:\/\/lorenaspindler.com\/en\/about\/\" \/>\n<meta property=\"og:locale\" content=\"en_US\" \/>\n<meta property=\"og:type\" content=\"article\" \/>\n<meta property=\"og:title\" content=\"\u00c0 propos - Lorena Spindler\" \/>\n<meta property=\"og:description\" content=\"Lorena Spindler (\u25cd\u2022\u1d17\u2022\u25cd) est unxe artiste hybride bruxelloise n\u00e9x en 1994. Elle conceptualise des propositions artistiques sous forme de mise en sc\u00e8ne, chor\u00e9graphie, clip\/vid\u00e9o, texte. Lors de ses \u00e9tudes de th\u00e9\u00e2tre au Conservatoire royal de Bruxelles, elle fait partie de collectifs et cr\u00e9e des performances dans des espaces underground. En parall\u00e8le de ses \u00e9tudes en [&hellip;]\" \/>\n<meta property=\"og:url\" content=\"https:\/\/lorenaspindler.com\/en\/about\/\" \/>\n<meta property=\"og:site_name\" content=\"Lorena Spindler\" \/>\n<meta property=\"article:modified_time\" content=\"2026-03-26T16:29:41+00:00\" \/>\n<meta property=\"og:image\" content=\"https:\/\/lorenaspindler.com\/wp-content\/uploads\/2025\/02\/A_407778-scaled.jpg\" \/>\n\t<meta property=\"og:image:width\" content=\"2560\" \/>\n\t<meta property=\"og:image:height\" content=\"1707\" \/>\n\t<meta property=\"og:image:type\" content=\"image\/jpeg\" \/>\n<meta name=\"twitter:card\" content=\"summary_large_image\" \/>\n<meta name=\"twitter:label1\" content=\"Est. reading time\" \/>\n\t<meta name=\"twitter:data1\" content=\"3 minutes\" \/>\n<script type=\"application\/ld+json\" class=\"yoast-schema-graph\">{\"@context\":\"https:\/\/schema.org\",\"@graph\":[{\"@type\":\"WebPage\",\"@id\":\"https:\/\/lorenaspindler.com\/about\/\",\"url\":\"https:\/\/lorenaspindler.com\/about\/\",\"name\":\"\u00c0 propos - Lorena Spindler\",\"isPartOf\":{\"@id\":\"https:\/\/lorenaspindler.com\/#website\"},\"primaryImageOfPage\":{\"@id\":\"https:\/\/lorenaspindler.com\/about\/#primaryimage\"},\"image\":{\"@id\":\"https:\/\/lorenaspindler.com\/about\/#primaryimage\"},\"thumbnailUrl\":\"https:\/\/lorenaspindler.com\/wp-content\/uploads\/2025\/02\/A_407778-1024x683.jpg\",\"datePublished\":\"2021-11-25T12:36:28+00:00\",\"dateModified\":\"2026-03-26T16:29:41+00:00\",\"breadcrumb\":{\"@id\":\"https:\/\/lorenaspindler.com\/about\/#breadcrumb\"},\"inLanguage\":\"en-US\",\"potentialAction\":[{\"@type\":\"ReadAction\",\"target\":[\"https:\/\/lorenaspindler.com\/about\/\"]}]},{\"@type\":\"ImageObject\",\"inLanguage\":\"en-US\",\"@id\":\"https:\/\/lorenaspindler.com\/about\/#primaryimage\",\"url\":\"https:\/\/lorenaspindler.com\/wp-content\/uploads\/2025\/02\/A_407778-1024x683.jpg\",\"contentUrl\":\"https:\/\/lorenaspindler.com\/wp-content\/uploads\/2025\/02\/A_407778-1024x683.jpg\"},{\"@type\":\"BreadcrumbList\",\"@id\":\"https:\/\/lorenaspindler.com\/about\/#breadcrumb\",\"itemListElement\":[{\"@type\":\"ListItem\",\"position\":1,\"name\":\"Accueil\",\"item\":\"https:\/\/lorenaspindler.com\/\"},{\"@type\":\"ListItem\",\"position\":2,\"name\":\"\u00c0 propos\"}]},{\"@type\":\"WebSite\",\"@id\":\"https:\/\/lorenaspindler.com\/#website\",\"url\":\"https:\/\/lorenaspindler.com\/\",\"name\":\"Lorena Spindler\",\"description\":\"en douce\",\"potentialAction\":[{\"@type\":\"SearchAction\",\"target\":{\"@type\":\"EntryPoint\",\"urlTemplate\":\"https:\/\/lorenaspindler.com\/?s={search_term_string}\"},\"query-input\":{\"@type\":\"PropertyValueSpecification\",\"valueRequired\":true,\"valueName\":\"search_term_string\"}}],\"inLanguage\":\"en-US\"}]}<\/script>\n<!-- \/ Yoast SEO plugin. -->","yoast_head_json":{"title":"\u00c0 propos - Lorena Spindler","robots":{"index":"index","follow":"follow","max-snippet":"max-snippet:-1","max-image-preview":"max-image-preview:large","max-video-preview":"max-video-preview:-1"},"canonical":"https:\/\/lorenaspindler.com\/en\/about\/","og_locale":"en_US","og_type":"article","og_title":"\u00c0 propos - Lorena Spindler","og_description":"Lorena Spindler (\u25cd\u2022\u1d17\u2022\u25cd) est unxe artiste hybride bruxelloise n\u00e9x en 1994. Elle conceptualise des propositions artistiques sous forme de mise en sc\u00e8ne, chor\u00e9graphie, clip\/vid\u00e9o, texte. Lors de ses \u00e9tudes de th\u00e9\u00e2tre au Conservatoire royal de Bruxelles, elle fait partie de collectifs et cr\u00e9e des performances dans des espaces underground. En parall\u00e8le de ses \u00e9tudes en [&hellip;]","og_url":"https:\/\/lorenaspindler.com\/en\/about\/","og_site_name":"Lorena Spindler","article_modified_time":"2026-03-26T16:29:41+00:00","og_image":[{"width":2560,"height":1707,"url":"https:\/\/lorenaspindler.com\/wp-content\/uploads\/2025\/02\/A_407778-scaled.jpg","type":"image\/jpeg"}],"twitter_card":"summary_large_image","twitter_misc":{"Est. reading time":"3 minutes"},"schema":{"@context":"https:\/\/schema.org","@graph":[{"@type":"WebPage","@id":"https:\/\/lorenaspindler.com\/about\/","url":"https:\/\/lorenaspindler.com\/about\/","name":"\u00c0 propos - Lorena Spindler","isPartOf":{"@id":"https:\/\/lorenaspindler.com\/#website"},"primaryImageOfPage":{"@id":"https:\/\/lorenaspindler.com\/about\/#primaryimage"},"image":{"@id":"https:\/\/lorenaspindler.com\/about\/#primaryimage"},"thumbnailUrl":"https:\/\/lorenaspindler.com\/wp-content\/uploads\/2025\/02\/A_407778-1024x683.jpg","datePublished":"2021-11-25T12:36:28+00:00","dateModified":"2026-03-26T16:29:41+00:00","breadcrumb":{"@id":"https:\/\/lorenaspindler.com\/about\/#breadcrumb"},"inLanguage":"en-US","potentialAction":[{"@type":"ReadAction","target":["https:\/\/lorenaspindler.com\/about\/"]}]},{"@type":"ImageObject","inLanguage":"en-US","@id":"https:\/\/lorenaspindler.com\/about\/#primaryimage","url":"https:\/\/lorenaspindler.com\/wp-content\/uploads\/2025\/02\/A_407778-1024x683.jpg","contentUrl":"https:\/\/lorenaspindler.com\/wp-content\/uploads\/2025\/02\/A_407778-1024x683.jpg"},{"@type":"BreadcrumbList","@id":"https:\/\/lorenaspindler.com\/about\/#breadcrumb","itemListElement":[{"@type":"ListItem","position":1,"name":"Accueil","item":"https:\/\/lorenaspindler.com\/"},{"@type":"ListItem","position":2,"name":"\u00c0 propos"}]},{"@type":"WebSite","@id":"https:\/\/lorenaspindler.com\/#website","url":"https:\/\/lorenaspindler.com\/","name":"Lorena Spindler","description":"en douce","potentialAction":[{"@type":"SearchAction","target":{"@type":"EntryPoint","urlTemplate":"https:\/\/lorenaspindler.com\/?s={search_term_string}"},"query-input":{"@type":"PropertyValueSpecification","valueRequired":true,"valueName":"search_term_string"}}],"inLanguage":"en-US"}]}},"uagb_featured_image_src":{"full":false,"thumbnail":false,"medium":false,"medium_large":false,"large":false,"1536x1536":false,"2048x2048":false,"trp-custom-language-flag":false},"uagb_author_info":{"display_name":"Theo","author_link":"https:\/\/lorenaspindler.com\/en\/author\/theo\/"},"uagb_comment_info":0,"uagb_excerpt":"Lorena Spindler (\u25cd\u2022\u1d17\u2022\u25cd) est unxe artiste hybride bruxelloise n\u00e9x en 1994. Elle conceptualise des propositions artistiques sous forme de mise en sc\u00e8ne, chor\u00e9graphie, clip\/vid\u00e9o, texte. Lors de ses \u00e9tudes de th\u00e9\u00e2tre au Conservatoire royal de Bruxelles, elle fait partie de collectifs et cr\u00e9e des performances dans des espaces underground. En parall\u00e8le de ses \u00e9tudes en&hellip;","_links":{"self":[{"href":"https:\/\/lorenaspindler.com\/en\/wp-json\/wp\/v2\/pages\/9","targetHints":{"allow":["GET"]}}],"collection":[{"href":"https:\/\/lorenaspindler.com\/en\/wp-json\/wp\/v2\/pages"}],"about":[{"href":"https:\/\/lorenaspindler.com\/en\/wp-json\/wp\/v2\/types\/page"}],"author":[{"embeddable":true,"href":"https:\/\/lorenaspindler.com\/en\/wp-json\/wp\/v2\/users\/1"}],"replies":[{"embeddable":true,"href":"https:\/\/lorenaspindler.com\/en\/wp-json\/wp\/v2\/comments?post=9"}],"version-history":[{"count":80,"href":"https:\/\/lorenaspindler.com\/en\/wp-json\/wp\/v2\/pages\/9\/revisions"}],"predecessor-version":[{"id":897,"href":"https:\/\/lorenaspindler.com\/en\/wp-json\/wp\/v2\/pages\/9\/revisions\/897"}],"wp:attachment":[{"href":"https:\/\/lorenaspindler.com\/en\/wp-json\/wp\/v2\/media?parent=9"}],"curies":[{"name":"wp","href":"https:\/\/api.w.org\/{rel}","templated":true}]}}