{"id":180,"date":"2021-12-07T15:31:08","date_gmt":"2021-12-07T14:31:08","guid":{"rendered":"https:\/\/lorenaspindler.com\/?page_id=180"},"modified":"2023-10-12T15:27:24","modified_gmt":"2023-10-12T13:27:24","slug":"remerciments","status":"publish","type":"page","link":"https:\/\/lorenaspindler.com\/en\/remerciments\/","title":{"rendered":"remerciements"},"content":{"rendered":"<p>Merci \u00e0 toutes les personnes qui ont rendu tout ce travail possible, <\/p>\n\n\n\n<p><\/p>\n\n\n\n<p><a href=\"https:\/\/www.instagram.com\/chaezm\/\">Casimir Pesztat<\/a><br><a href=\"https:\/\/www.instagram.com\/elreelrafael\/\">Rafa\u00ebl Elr\u00e9e <\/a><br><a href=\"https:\/\/www.instagram.com\/isidore.milton\/\">Isidore Milton <\/a><br><a href=\"https:\/\/www.elodiegerard.com\/\">\u00c9lodie G\u00e9rard <\/a><br><a href=\"https:\/\/www.elodiegerard.com\/\">Louise Vandevorst <\/a><br><a href=\"https:\/\/www.instagram.com\/melissa_diarra\/\">M\u00e9lissa Diarra<\/a> <br><a href=\"https:\/\/www.instagram.com\/antonincompere2\/\">Antonin Comp\u00e8re <\/a><br><a href=\"https:\/\/www.instagram.com\/melloyasmano\/\">Juliette Mello <\/a><br><a href=\"https:\/\/www.instagram.com\/princesse.paillette\/\">Clara Levy <\/a><br><a href=\"https:\/\/www.instagram.com\/_le_sbl_\/\">Jonathan Kibani <\/a><br><a href=\"https:\/\/www.theoboissonade.com\/\">Th\u00e9o Boissonade <\/a><br><a href=\"https:\/\/www.lempireproductions.com\/\">Fran\u00e7ois-Xavier Willems<\/a> <br><a href=\"https:\/\/www.niveauzeroatelier.space\/\">Max Alfandari <\/a><br><a href=\"https:\/\/www.instagram.com\/iamprince_s\/\">Naim Belhaloumi <\/a><br><a href=\"https:\/\/www.instagram.com\/lilamagnifique\/\">Lila Magnin<\/a> <br><a href=\"https:\/\/www.instagram.com\/c12_bxl\/\">Mathieu Serra Tom Brus Kevin Huerta van Ellinkhuizen le C12 <\/a><br><a href=\"https:\/\/www.youtube.com\/watch?v=hvLfcGZHfdc\">Chems Edinne <br><\/a><a href=\"https:\/\/www.instagram.com\/toolbox_tb\/\">Maddam collective ToolBox Tom Bauwens Joris Swingen <br><\/a><a href=\"https:\/\/www.versatilevsl.com\/\">Jeune Clyde aka Ndungu<\/a><br><a href=\"https:\/\/sengasenga.bandcamp.com\/album\/take-me-back-where-i-belong-ep\">Shungu<\/a> <br><a href=\"https:\/\/www.instagram.com\/zoe__vdb\/\">Zo\u00e9 van den Boogaerde <\/a><br><a href=\"https:\/\/www.instagram.com\/bostemstudio\/\">Bostem Studio<\/a> <br><a href=\"https:\/\/www.instagram.com\/ravie.asbl\/\">Cyriel Lucas Quentin Chaveriat  (Ravie)<br><\/a>Daniel &amp; Pilar <br><a href=\"https:\/\/www.youtube.com\/watch?v=IEeKJSBXcRY\">Gabriel Govea Ramos <\/a><br><a href=\"https:\/\/www.instagram.com\/henridyn\/\">Henri Doyen <\/a><br><a href=\"https:\/\/www.instagram.com\/allochamo\/\">Aliocha Tazi <\/a><br><a href=\"https:\/\/www.instagram.com\/swanjouan\/\">Swan Jouan <\/a><br><a href=\"https:\/\/www.instagram.com\/p\/BrSfxMvAsjq\/?img_index=1\">Maverick le Deuff <\/a><br><a href=\"https:\/\/www.davidgarciadop.com\/\">David Garcia <\/a><br><a href=\"https:\/\/www.instagram.com\/sophieboury4\/\">Sophie Boury <\/a><br><a href=\"https:\/\/www.instagram.com\/theofernandez.l\/\">Th\u00e9o Fernandez <\/a><br><a href=\"https:\/\/be.linkedin.com\/in\/robin-knudsen-707a5bab\">Robin Knudsen <\/a><br><a href=\"https:\/\/www.instagram.com\/_laachanel_\/\">Lara Chanel <\/a><br><a href=\"https:\/\/www.instagram.com\/mehdizekh\/\">Mehdi Zekhnini <\/a><br><a href=\"https:\/\/www.meteores.org\/lea-vinette\">L\u00e9a Vinette <\/a><br><a href=\"https:\/\/marcosarriola.com\/\">Marcos Arriola <\/a><br><a href=\"https:\/\/www.instagram.com\/sgerodez\/\">Sarah G\u00e9rodez <\/a><br><a href=\"https:\/\/www.unifrance.org\/annuaires\/personne\/459379\/jordan-elamrani-lince\">Jordan Elamrani-Lince <\/a><br><a href=\"https:\/\/www.instagram.com\/bonbaiser.ent\/\">Youn Tawbari<\/a><\/p>\n\n\n\n<p><\/p>\n\n\n\n<p>Merci \u00e0 nos partenaires, <\/p>\n\n\n\n<p><a href=\"http:\/\/amabrussels.org\/\">AMA France Morin<\/a><br><a href=\"https:\/\/www.iles.be\/suitcase-arts-de-la-scene\/\">Iles asbl<\/a><br><a href=\"https:\/\/escaut.org\/\">l&rsquo;Escaut Architectures<\/a><br><a href=\"https:\/\/charleroi-danse.be\/fr\">Charleroi danse<\/a><br><a href=\"https:\/\/c12space.com\/\">le C12<\/a><br><a href=\"https:\/\/mestizoartsplatform.be\/\">Wipcoop (Mestizo Art Platform)<\/a><br><a href=\"https:\/\/www.kvs.be\/fr\">KVS<\/a><br><a href=\"https:\/\/ultimavez.com\/fr\">Ultima Vez<\/a><br><a href=\"https:\/\/www.federation-wallonie-bruxelles.be\/\">F\u00e9d\u00e9ration Wallonie-Bruxelles<\/a><br><a href=\"https:\/\/kbs-frb.be\/fr\/fonds-famille-goethuys-deheel-appel-projets-2022\">Le Fond Famille Goethuys-Deheel<br><\/a><a href=\"https:\/\/www.lejacquesfranck.be\/\">Le Centre Culturel Jacques Franck<br><\/a><a href=\"https:\/\/atelier210.be\/\">L&rsquo;atelier210 <br><\/a><a href=\"http:\/\/www.garage29-offestival.be\/web\/\">Le Garage29<\/a><br><br><br><\/p>","protected":false},"excerpt":{"rendered":"<p>Merci \u00e0 toutes les personnes qui ont rendu tout ce travail possible, Casimir PesztatRafa\u00ebl Elr\u00e9e Isidore Milton \u00c9lodie G\u00e9rard Louise Vandevorst M\u00e9lissa Diarra Antonin Comp\u00e8re Juliette Mello Clara Levy Jonathan Kibani Th\u00e9o Boissonade Fran\u00e7ois-Xavier Willems Max Alfandari Naim Belhaloumi Lila Magnin Mathieu Serra Tom Brus Kevin Huerta van Ellinkhuizen le C12 Chems Edinne Maddam collective [&hellip;]<\/p>","protected":false},"author":1,"featured_media":0,"parent":0,"menu_order":0,"comment_status":"closed","ping_status":"closed","template":"","meta":{"_uag_custom_page_level_css":"","footnotes":""},"class_list":["post-180","page","type-page","status-publish","hentry"],"yoast_head":"<!-- This site is optimized with the Yoast SEO plugin v24.8.1 - https:\/\/yoast.com\/wordpress\/plugins\/seo\/ -->\n<title>remerciements - Lorena Spindler<\/title>\n<meta name=\"robots\" content=\"index, follow, max-snippet:-1, max-image-preview:large, max-video-preview:-1\" \/>\n<link rel=\"canonical\" href=\"https:\/\/lorenaspindler.com\/en\/remerciments\/\" \/>\n<meta property=\"og:locale\" content=\"en_US\" \/>\n<meta property=\"og:type\" content=\"article\" \/>\n<meta property=\"og:title\" content=\"remerciements - Lorena Spindler\" \/>\n<meta property=\"og:description\" content=\"Merci \u00e0 toutes les personnes qui ont rendu tout ce travail possible, Casimir PesztatRafa\u00ebl Elr\u00e9e Isidore Milton \u00c9lodie G\u00e9rard Louise Vandevorst M\u00e9lissa Diarra Antonin Comp\u00e8re Juliette Mello Clara Levy Jonathan Kibani Th\u00e9o Boissonade Fran\u00e7ois-Xavier Willems Max Alfandari Naim Belhaloumi Lila Magnin Mathieu Serra Tom Brus Kevin Huerta van Ellinkhuizen le C12 Chems Edinne Maddam collective [&hellip;]\" \/>\n<meta property=\"og:url\" content=\"https:\/\/lorenaspindler.com\/en\/remerciments\/\" \/>\n<meta property=\"og:site_name\" content=\"Lorena Spindler\" \/>\n<meta property=\"article:modified_time\" content=\"2023-10-12T13:27:24+00:00\" \/>\n<meta name=\"twitter:card\" content=\"summary_large_image\" \/>\n<meta name=\"twitter:label1\" content=\"Est. reading time\" \/>\n\t<meta name=\"twitter:data1\" content=\"1 minute\" \/>\n<script type=\"application\/ld+json\" class=\"yoast-schema-graph\">{\"@context\":\"https:\/\/schema.org\",\"@graph\":[{\"@type\":\"WebPage\",\"@id\":\"https:\/\/lorenaspindler.com\/remerciments\/\",\"url\":\"https:\/\/lorenaspindler.com\/remerciments\/\",\"name\":\"remerciements - Lorena Spindler\",\"isPartOf\":{\"@id\":\"https:\/\/lorenaspindler.com\/#website\"},\"datePublished\":\"2021-12-07T14:31:08+00:00\",\"dateModified\":\"2023-10-12T13:27:24+00:00\",\"breadcrumb\":{\"@id\":\"https:\/\/lorenaspindler.com\/remerciments\/#breadcrumb\"},\"inLanguage\":\"en-US\",\"potentialAction\":[{\"@type\":\"ReadAction\",\"target\":[\"https:\/\/lorenaspindler.com\/remerciments\/\"]}]},{\"@type\":\"BreadcrumbList\",\"@id\":\"https:\/\/lorenaspindler.com\/remerciments\/#breadcrumb\",\"itemListElement\":[{\"@type\":\"ListItem\",\"position\":1,\"name\":\"Accueil\",\"item\":\"https:\/\/lorenaspindler.com\/\"},{\"@type\":\"ListItem\",\"position\":2,\"name\":\"remerciements\"}]},{\"@type\":\"WebSite\",\"@id\":\"https:\/\/lorenaspindler.com\/#website\",\"url\":\"https:\/\/lorenaspindler.com\/\",\"name\":\"Lorena Spindler\",\"description\":\"en douce\",\"potentialAction\":[{\"@type\":\"SearchAction\",\"target\":{\"@type\":\"EntryPoint\",\"urlTemplate\":\"https:\/\/lorenaspindler.com\/?s={search_term_string}\"},\"query-input\":{\"@type\":\"PropertyValueSpecification\",\"valueRequired\":true,\"valueName\":\"search_term_string\"}}],\"inLanguage\":\"en-US\"}]}<\/script>\n<!-- \/ Yoast SEO plugin. -->","yoast_head_json":{"title":"remerciements - Lorena Spindler","robots":{"index":"index","follow":"follow","max-snippet":"max-snippet:-1","max-image-preview":"max-image-preview:large","max-video-preview":"max-video-preview:-1"},"canonical":"https:\/\/lorenaspindler.com\/en\/remerciments\/","og_locale":"en_US","og_type":"article","og_title":"remerciements - Lorena Spindler","og_description":"Merci \u00e0 toutes les personnes qui ont rendu tout ce travail possible, Casimir PesztatRafa\u00ebl Elr\u00e9e Isidore Milton \u00c9lodie G\u00e9rard Louise Vandevorst M\u00e9lissa Diarra Antonin Comp\u00e8re Juliette Mello Clara Levy Jonathan Kibani Th\u00e9o Boissonade Fran\u00e7ois-Xavier Willems Max Alfandari Naim Belhaloumi Lila Magnin Mathieu Serra Tom Brus Kevin Huerta van Ellinkhuizen le C12 Chems Edinne Maddam collective [&hellip;]","og_url":"https:\/\/lorenaspindler.com\/en\/remerciments\/","og_site_name":"Lorena Spindler","article_modified_time":"2023-10-12T13:27:24+00:00","twitter_card":"summary_large_image","twitter_misc":{"Est. reading time":"1 minute"},"schema":{"@context":"https:\/\/schema.org","@graph":[{"@type":"WebPage","@id":"https:\/\/lorenaspindler.com\/remerciments\/","url":"https:\/\/lorenaspindler.com\/remerciments\/","name":"remerciements - Lorena Spindler","isPartOf":{"@id":"https:\/\/lorenaspindler.com\/#website"},"datePublished":"2021-12-07T14:31:08+00:00","dateModified":"2023-10-12T13:27:24+00:00","breadcrumb":{"@id":"https:\/\/lorenaspindler.com\/remerciments\/#breadcrumb"},"inLanguage":"en-US","potentialAction":[{"@type":"ReadAction","target":["https:\/\/lorenaspindler.com\/remerciments\/"]}]},{"@type":"BreadcrumbList","@id":"https:\/\/lorenaspindler.com\/remerciments\/#breadcrumb","itemListElement":[{"@type":"ListItem","position":1,"name":"Accueil","item":"https:\/\/lorenaspindler.com\/"},{"@type":"ListItem","position":2,"name":"remerciements"}]},{"@type":"WebSite","@id":"https:\/\/lorenaspindler.com\/#website","url":"https:\/\/lorenaspindler.com\/","name":"Lorena Spindler","description":"en douce","potentialAction":[{"@type":"SearchAction","target":{"@type":"EntryPoint","urlTemplate":"https:\/\/lorenaspindler.com\/?s={search_term_string}"},"query-input":{"@type":"PropertyValueSpecification","valueRequired":true,"valueName":"search_term_string"}}],"inLanguage":"en-US"}]}},"uagb_featured_image_src":{"full":false,"thumbnail":false,"medium":false,"medium_large":false,"large":false,"1536x1536":false,"2048x2048":false,"trp-custom-language-flag":false},"uagb_author_info":{"display_name":"Theo","author_link":"https:\/\/lorenaspindler.com\/en\/author\/theo\/"},"uagb_comment_info":0,"uagb_excerpt":"Merci \u00e0 toutes les personnes qui ont rendu tout ce travail possible, Casimir PesztatRafa\u00ebl Elr\u00e9e Isidore Milton \u00c9lodie G\u00e9rard Louise Vandevorst M\u00e9lissa Diarra Antonin Comp\u00e8re Juliette Mello Clara Levy Jonathan Kibani Th\u00e9o Boissonade Fran\u00e7ois-Xavier Willems Max Alfandari Naim Belhaloumi Lila Magnin Mathieu Serra Tom Brus Kevin Huerta van Ellinkhuizen le C12 Chems Edinne Maddam collective&hellip;","_links":{"self":[{"href":"https:\/\/lorenaspindler.com\/en\/wp-json\/wp\/v2\/pages\/180","targetHints":{"allow":["GET"]}}],"collection":[{"href":"https:\/\/lorenaspindler.com\/en\/wp-json\/wp\/v2\/pages"}],"about":[{"href":"https:\/\/lorenaspindler.com\/en\/wp-json\/wp\/v2\/types\/page"}],"author":[{"embeddable":true,"href":"https:\/\/lorenaspindler.com\/en\/wp-json\/wp\/v2\/users\/1"}],"replies":[{"embeddable":true,"href":"https:\/\/lorenaspindler.com\/en\/wp-json\/wp\/v2\/comments?post=180"}],"version-history":[{"count":15,"href":"https:\/\/lorenaspindler.com\/en\/wp-json\/wp\/v2\/pages\/180\/revisions"}],"predecessor-version":[{"id":682,"href":"https:\/\/lorenaspindler.com\/en\/wp-json\/wp\/v2\/pages\/180\/revisions\/682"}],"wp:attachment":[{"href":"https:\/\/lorenaspindler.com\/en\/wp-json\/wp\/v2\/media?parent=180"}],"curies":[{"name":"wp","href":"https:\/\/api.w.org\/{rel}","templated":true}]}}